{"id":452,"date":"2022-10-06T17:08:13","date_gmt":"2022-10-06T20:08:13","guid":{"rendered":"https:\/\/www.perlitteras.com\/?page_id=452"},"modified":"2023-02-22T21:25:49","modified_gmt":"2023-02-23T00:25:49","slug":"per-litteras-servico-libras-e-audidescricao","status":"publish","type":"page","link":"https:\/\/www.perlitteras.com\/en\/per-litteras-servico-libras-e-audidescricao\/","title":{"rendered":"Per Litteras &#8211; Servi\u00e7o: LIBRAS e Audidescri\u00e7\u00e3o"},"content":{"rendered":"<div data-elementor-type=\"wp-page\" data-elementor-id=\"452\" class=\"elementor elementor-452\" data-elementor-post-type=\"page\">\n\t\t\t\t<div class=\"elementor-element elementor-element-20f2a6d e-con-full e-flex e-con e-parent\" data-id=\"20f2a6d\" data-element_type=\"container\" data-e-type=\"container\" data-settings=\"{&quot;background_background&quot;:&quot;classic&quot;}\">\n\t\t\t\t<div class=\"elementor-element elementor-element-413f1de elementor-widget__width-initial elementor-widget elementor-widget-heading\" data-id=\"413f1de\" data-element_type=\"widget\" data-e-type=\"widget\" data-widget_type=\"heading.default\">\n\t\t\t\t<div class=\"elementor-widget-container\">\n\t\t\t\t\t<h2 class=\"elementor-heading-title elementor-size-default\">Sign language and audiodescription<\/h2>\t\t\t\t<\/div>\n\t\t\t\t<\/div>\n\t\t\t\t<div class=\"elementor-element elementor-element-e7ebf8d elementor-widget-divider--view-line elementor-widget elementor-widget-divider\" data-id=\"e7ebf8d\" data-element_type=\"widget\" data-e-type=\"widget\" data-widget_type=\"divider.default\">\n\t\t\t\t<div class=\"elementor-widget-container\">\n\t\t\t\t\t\t\t<div class=\"elementor-divider\">\n\t\t\t<span class=\"elementor-divider-separator\">\n\t\t\t\t\t\t<\/span>\n\t\t<\/div>\n\t\t\t\t\t\t<\/div>\n\t\t\t\t<\/div>\n\t\t\t\t<div class=\"elementor-element elementor-element-8a66601 elementor-widget__width-initial elementor-widget elementor-widget-text-editor\" data-id=\"8a66601\" data-element_type=\"widget\" data-e-type=\"widget\" data-widget_type=\"text-editor.default\">\n\t\t\t\t<div class=\"elementor-widget-container\">\n\t\t\t\t\t\t\t\t\t<p>Diversity and inclusion have to do with language too.<\/p>\t\t\t\t\t\t\t\t<\/div>\n\t\t\t\t<\/div>\n\t\t\t\t<\/div>\n\t\t<div class=\"elementor-element elementor-element-6a1fa21 e-flex e-con-boxed e-con e-parent\" data-id=\"6a1fa21\" data-element_type=\"container\" data-e-type=\"container\">\n\t\t\t\t\t<div class=\"e-con-inner\">\n\t\t\t\t<div class=\"elementor-element elementor-element-3ccac4c elementor-widget elementor-widget-heading\" data-id=\"3ccac4c\" data-element_type=\"widget\" data-e-type=\"widget\" data-widget_type=\"heading.default\">\n\t\t\t\t<div class=\"elementor-widget-container\">\n\t\t\t\t\t<h2 class=\"elementor-heading-title elementor-size-default\">Why is it important to consider accessibility?\n<\/h2>\t\t\t\t<\/div>\n\t\t\t\t<\/div>\n\t\t\t\t<div class=\"elementor-element elementor-element-29d6e4f elementor-widget__width-inherit elementor-widget-tablet__width-inherit elementor-widget-mobile__width-inherit elementor-widget elementor-widget-text-editor\" data-id=\"29d6e4f\" data-element_type=\"widget\" data-e-type=\"widget\" data-widget_type=\"text-editor.default\">\n\t\t\t\t<div class=\"elementor-widget-container\">\n\t\t\t\t\t\t\t\t\t<p>The reach of your communication is much broader when you consider the diversity of your audience. Linguistic barriers exist not only between languages, but also in the way your message is delivered.<\/p><p>Do you want to understand better why these services are so important?<\/p>\t\t\t\t\t\t\t\t<\/div>\n\t\t\t\t<\/div>\n\t\t\t\t<div class=\"elementor-element elementor-element-3da5971 elementor-widget elementor-widget-button\" data-id=\"3da5971\" data-element_type=\"widget\" data-e-type=\"widget\" data-widget_type=\"button.default\">\n\t\t\t\t<div class=\"elementor-widget-container\">\n\t\t\t\t\t\t\t\t\t<div class=\"elementor-button-wrapper\">\n\t\t\t\t\t<a class=\"elementor-button elementor-button-link elementor-size-lg elementor-animation-grow\" href=\"https:\/\/api.whatsapp.com\/send?phone=551991009441&#038;text=Ol%C3%A1,%20vi%20o%20seu%20site%20e%20gostaria%20de%20saber%20mais%20informa%C3%A7%C3%B5es%20sobre%20libras%20e%20audiodescri%C3%A7%C3%A3o\">\n\t\t\t\t\t\t<span class=\"elementor-button-content-wrapper\">\n\t\t\t\t\t\t<span class=\"elementor-button-icon\">\n\t\t\t\t<i aria-hidden=\"true\" class=\"fab fa-whatsapp\"><\/i>\t\t\t<\/span>\n\t\t\t\t\t\t\t\t\t<span class=\"elementor-button-text\">Talk to us now via WhatsApp<\/span>\n\t\t\t\t\t<\/span>\n\t\t\t\t\t<\/a>\n\t\t\t\t<\/div>\n\t\t\t\t\t\t\t\t<\/div>\n\t\t\t\t<\/div>\n\t\t\t\t\t<\/div>\n\t\t\t\t<\/div>\n\t\t<div class=\"elementor-element elementor-element-fa29f33 e-con-full e-flex e-con e-parent\" data-id=\"fa29f33\" data-element_type=\"container\" data-e-type=\"container\">\n\t\t<div class=\"elementor-element elementor-element-3383f88 e-con-full e-flex e-con e-child\" data-id=\"3383f88\" data-element_type=\"container\" data-e-type=\"container\" data-settings=\"{&quot;background_background&quot;:&quot;gradient&quot;}\">\n\t\t\t\t<div class=\"elementor-element elementor-element-50f615c elementor-widget elementor-widget-heading\" data-id=\"50f615c\" data-element_type=\"widget\" data-e-type=\"widget\" data-widget_type=\"heading.default\">\n\t\t\t\t<div class=\"elementor-widget-container\">\n\t\t\t\t\t<h2 class=\"elementor-heading-title elementor-size-default\">Sign language<\/h2>\t\t\t\t<\/div>\n\t\t\t\t<\/div>\n\t\t\t\t<div class=\"elementor-element elementor-element-7b01014 elementor-widget-divider--view-line elementor-widget elementor-widget-divider\" data-id=\"7b01014\" data-element_type=\"widget\" data-e-type=\"widget\" data-widget_type=\"divider.default\">\n\t\t\t\t<div class=\"elementor-widget-container\">\n\t\t\t\t\t\t\t<div class=\"elementor-divider\">\n\t\t\t<span class=\"elementor-divider-separator\">\n\t\t\t\t\t\t<\/span>\n\t\t<\/div>\n\t\t\t\t\t\t<\/div>\n\t\t\t\t<\/div>\n\t\t\t\t<div class=\"elementor-element elementor-element-5e8d767 elementor-widget elementor-widget-text-editor\" data-id=\"5e8d767\" data-element_type=\"widget\" data-e-type=\"widget\" data-widget_type=\"text-editor.default\">\n\t\t\t\t<div class=\"elementor-widget-container\">\n\t\t\t\t\t\t\t\t\t<p>Considering that 5% of the Brazilian population is hearing impaired (IBGE), we have around 10 million people in Brazil who use LIBRAS to communicate.<\/p><p class=\"translation-block\">LIBRAS is the acronym for Brazilian Sign Language, also known as gestural language because it uses the hands and fingers instead of a spoken language.<\/p><p>This service can be live or virtual, in real time or pre-recorded.<\/p>\t\t\t\t\t\t\t\t<\/div>\n\t\t\t\t<\/div>\n\t\t\t\t<\/div>\n\t\t<div class=\"elementor-element elementor-element-39ad93e e-con-full e-flex e-con e-child\" data-id=\"39ad93e\" data-element_type=\"container\" data-e-type=\"container\" data-settings=\"{&quot;background_background&quot;:&quot;classic&quot;}\">\n\t\t\t\t<div class=\"elementor-element elementor-element-856454b elementor-view-framed elementor-shape-circle elementor-widget elementor-widget-icon\" data-id=\"856454b\" data-element_type=\"widget\" data-e-type=\"widget\" data-widget_type=\"icon.default\">\n\t\t\t\t<div class=\"elementor-widget-container\">\n\t\t\t\t\t\t\t<div class=\"elementor-icon-wrapper\">\n\t\t\t<a class=\"elementor-icon elementor-animation-grow\" href=\"#elementor-action%3Aaction%3Dpopup%3Aopen%26settings%3DeyJpZCI6IjcyMiIsInRvZ2dsZSI6ZmFsc2V9\">\n\t\t\t<i aria-hidden=\"true\" class=\"fas fa-play\"><\/i>\t\t\t<\/a>\n\t\t<\/div>\n\t\t\t\t\t\t<\/div>\n\t\t\t\t<\/div>\n\t\t\t\t<\/div>\n\t\t\t\t<\/div>\n\t\t<div class=\"elementor-element elementor-element-56ac44a e-con-full e-flex e-con e-parent\" data-id=\"56ac44a\" data-element_type=\"container\" data-e-type=\"container\">\n\t\t<div class=\"elementor-element elementor-element-6131a3b e-con-full e-flex e-con e-child\" data-id=\"6131a3b\" data-element_type=\"container\" data-e-type=\"container\" data-settings=\"{&quot;background_background&quot;:&quot;classic&quot;}\">\n\t\t\t\t<div class=\"elementor-element elementor-element-6c922ae elementor-view-framed elementor-shape-circle elementor-widget elementor-widget-icon\" data-id=\"6c922ae\" data-element_type=\"widget\" data-e-type=\"widget\" data-widget_type=\"icon.default\">\n\t\t\t\t<div class=\"elementor-widget-container\">\n\t\t\t\t\t\t\t<div class=\"elementor-icon-wrapper\">\n\t\t\t<a class=\"elementor-icon elementor-animation-grow\" href=\"#elementor-action%3Aaction%3Dpopup%3Aopen%26settings%3DeyJpZCI6IjczMCIsInRvZ2dsZSI6ZmFsc2V9\">\n\t\t\t<i aria-hidden=\"true\" class=\"fas fa-play\"><\/i>\t\t\t<\/a>\n\t\t<\/div>\n\t\t\t\t\t\t<\/div>\n\t\t\t\t<\/div>\n\t\t\t\t<\/div>\n\t\t<div class=\"elementor-element elementor-element-ff46ab4 e-con-full e-flex e-con e-child\" data-id=\"ff46ab4\" data-element_type=\"container\" data-e-type=\"container\" data-settings=\"{&quot;background_background&quot;:&quot;gradient&quot;}\">\n\t\t\t\t<div class=\"elementor-element elementor-element-021a1b5 elementor-widget elementor-widget-heading\" data-id=\"021a1b5\" data-element_type=\"widget\" data-e-type=\"widget\" data-widget_type=\"heading.default\">\n\t\t\t\t<div class=\"elementor-widget-container\">\n\t\t\t\t\t<h2 class=\"elementor-heading-title elementor-size-default\">Audiodescription\n<\/h2>\t\t\t\t<\/div>\n\t\t\t\t<\/div>\n\t\t\t\t<div class=\"elementor-element elementor-element-7715a11 elementor-widget-divider--view-line elementor-widget elementor-widget-divider\" data-id=\"7715a11\" data-element_type=\"widget\" data-e-type=\"widget\" data-widget_type=\"divider.default\">\n\t\t\t\t<div class=\"elementor-widget-container\">\n\t\t\t\t\t\t\t<div class=\"elementor-divider\">\n\t\t\t<span class=\"elementor-divider-separator\">\n\t\t\t\t\t\t<\/span>\n\t\t<\/div>\n\t\t\t\t\t\t<\/div>\n\t\t\t\t<\/div>\n\t\t\t\t<div class=\"elementor-element elementor-element-cb330d7 elementor-widget elementor-widget-text-editor\" data-id=\"cb330d7\" data-element_type=\"widget\" data-e-type=\"widget\" data-widget_type=\"text-editor.default\">\n\t\t\t\t<div class=\"elementor-widget-container\">\n\t\t\t\t\t\t\t\t\t<p>Audiodescription translates images into words so that virtually impaired people can consume your content.<\/p><p>AD is also useful to people who cannot focus on visuals for other reasons, this includes people with cognitive and learning disabilities. This service can be live or virtual, in real time or pre-recorded.<\/p>\t\t\t\t\t\t\t\t<\/div>\n\t\t\t\t<\/div>\n\t\t\t\t<\/div>\n\t\t\t\t<\/div>\n\t\t<div class=\"elementor-element elementor-element-5f4fbb3 e-flex e-con-boxed e-con e-parent\" data-id=\"5f4fbb3\" data-element_type=\"container\" data-e-type=\"container\">\n\t\t\t\t\t<div class=\"e-con-inner\">\n\t\t<div class=\"elementor-element elementor-element-3ecdbfe e-con-full e-flex e-con e-child\" data-id=\"3ecdbfe\" data-element_type=\"container\" data-e-type=\"container\">\n\t\t\t\t<div class=\"elementor-element elementor-element-5192ddd elementor-widget elementor-widget-heading\" data-id=\"5192ddd\" data-element_type=\"widget\" data-e-type=\"widget\" data-widget_type=\"heading.default\">\n\t\t\t\t<div class=\"elementor-widget-container\">\n\t\t\t\t\t<h2 class=\"elementor-heading-title elementor-size-default\">Considering diversity means enriching experiences and allowing everyone to have a voice.\n<\/h2>\t\t\t\t<\/div>\n\t\t\t\t<\/div>\n\t\t\t\t<div class=\"elementor-element elementor-element-b97d981 elementor-widget elementor-widget-button\" data-id=\"b97d981\" data-element_type=\"widget\" data-e-type=\"widget\" data-widget_type=\"button.default\">\n\t\t\t\t<div class=\"elementor-widget-container\">\n\t\t\t\t\t\t\t\t\t<div class=\"elementor-button-wrapper\">\n\t\t\t\t\t<a class=\"elementor-button elementor-button-link elementor-size-lg elementor-animation-grow\" href=\"https:\/\/api.whatsapp.com\/send?phone=551991009441&#038;text=Ol%C3%A1,%20vi%20o%20seu%20site%20e%20gostaria%20de%20saber%20mais%20informa%C3%A7%C3%B5es%20sobre%20libras%20e%20audiodescri%C3%A7%C3%A3o\">\n\t\t\t\t\t\t<span class=\"elementor-button-content-wrapper\">\n\t\t\t\t\t\t<span class=\"elementor-button-icon\">\n\t\t\t\t<i aria-hidden=\"true\" class=\"fab fa-whatsapp\"><\/i>\t\t\t<\/span>\n\t\t\t\t\t\t\t\t\t<span class=\"elementor-button-text\">Learn how to add accessibility to your event<\/span>\n\t\t\t\t\t<\/span>\n\t\t\t\t\t<\/a>\n\t\t\t\t<\/div>\n\t\t\t\t\t\t\t\t<\/div>\n\t\t\t\t<\/div>\n\t\t\t\t<\/div>\n\t\t\t\t\t<\/div>\n\t\t\t\t<\/div>\n\t\t\t\t<\/div>","protected":false},"excerpt":{"rendered":"<p>LIBRAS e Audiodescri\u00e7\u00e3o A diversidade e a inclus\u00e3o tamb\u00e9m passam pela linguagem. Por que \u00e9 importante considerar a acessibilidade? O alcance de sua comunica\u00e7\u00e3o \u00e9 muito maior quando voc\u00ea considera a diversidade de seu p\u00fablico. Barreiras lingu\u00edsticas existem n\u00e3o apenas entre idiomas, mas tamb\u00e9m na forma de entrega de sua mensagem. Quer entender melhor por [&hellip;]<\/p>","protected":false},"author":1,"featured_media":0,"parent":0,"menu_order":0,"comment_status":"closed","ping_status":"closed","template":"","meta":{"footnotes":""},"class_list":["post-452","page","type-page","status-publish","hentry"],"_links":{"self":[{"href":"https:\/\/www.perlitteras.com\/en\/wp-json\/wp\/v2\/pages\/452","targetHints":{"allow":["GET"]}}],"collection":[{"href":"https:\/\/www.perlitteras.com\/en\/wp-json\/wp\/v2\/pages"}],"about":[{"href":"https:\/\/www.perlitteras.com\/en\/wp-json\/wp\/v2\/types\/page"}],"author":[{"embeddable":true,"href":"https:\/\/www.perlitteras.com\/en\/wp-json\/wp\/v2\/users\/1"}],"replies":[{"embeddable":true,"href":"https:\/\/www.perlitteras.com\/en\/wp-json\/wp\/v2\/comments?post=452"}],"version-history":[{"count":52,"href":"https:\/\/www.perlitteras.com\/en\/wp-json\/wp\/v2\/pages\/452\/revisions"}],"predecessor-version":[{"id":735,"href":"https:\/\/www.perlitteras.com\/en\/wp-json\/wp\/v2\/pages\/452\/revisions\/735"}],"wp:attachment":[{"href":"https:\/\/www.perlitteras.com\/en\/wp-json\/wp\/v2\/media?parent=452"}],"curies":[{"name":"wp","href":"https:\/\/api.w.org\/{rel}","templated":true}]}}